{"id":51,"date":"2018-06-29T16:40:11","date_gmt":"2018-06-29T14:40:11","guid":{"rendered":"https:\/\/lapetiteautoecole.com\/?page_id=51"},"modified":"2018-07-29T18:34:42","modified_gmt":"2018-07-29T16:34:42","slug":"reserver-une-heure","status":"publish","type":"page","link":"https:\/\/lapetiteautoecole.com\/?page_id=51","title":{"rendered":"R\u00e9server une heure"},"content":{"rendered":"<p><select name=\"departement\" id=\"departement\" onChange=\"location.href=''+this.options[this.selectedIndex].value+'.html';\"><br \/>\n<optgroup label=\"France m\u00e9tropolitaine\"><option value=\"?page_id=171\">Ain (01)<\/option><option value=\"?page_id=171\">Aisne (02)<\/option><option value=\"?page_id=171\">Allier (03)<\/option><option value=\"?page_id=171\">Alpes-de-Haute-Provence (04)<\/option><option value=\"?page_id=171\">Hautes-Alpes (05)<\/option><option value=\"?page_id=171\">Alpes-Maritimes (06)<\/option><option value=\"?page_id=171\">Ard\u00e8che (07)<\/option><option value=\"?page_id=171\">Ardennes (08)<\/option><option value=\"?page_id=171\">Ari\u00e8ge (09)<\/option><option value=\"?page_id=171\">Aube (10)<\/option><option value=\"?page_id=171\">Aude (11)<\/option><option value=\"?page_id=171\">Aveyron (12)<\/option><option value=\"?page_id=171\">Bouches-du-Rh\u00f4ne (13)<\/option><option value=\"?page_id=171\">Calvados (14)<\/option><option value=\"?page_id=171\">Cantal (15)<\/option><option value=\"?page_id=171\">Charente (16)<\/option><option value=\"?page_id=171\">Charente-Maritime (17)<\/option><option value=\"?page_id=171\">Cher (18)<\/option><option value=\"?page_id=171\">Corr\u00e8ze (19)<\/option><option value=\"?page_id=171\">Corse-du-Sud (2A)<\/option><option value=\"?page_id=171\">Haute-Corse (2B)<\/option><option value=\"?page_id=171\">C\u00f4te-d&rsquo;Or (21)<\/option><option value=\"?page_id=171\">C\u00f4tes-d&rsquo;Armor (22)<\/option><option value=\"?page_id=171\">Creuse (23)<\/option><option value=\"?page_id=171\">Dordogne (24)<\/option><option value=\"?page_id=171\">Doubs (25)<\/option><option value=\"?page_id=171\">Dr\u00f4me (26)<\/option><option value=\"?page_id=171\">Eure (27)<\/option><option value=\"?page_id=171\">Eure-et-Loir (28)<\/option><option value=\"?page_id=171\">Finist\u00e8re (29)<\/option><option value=\"?page_id=171\">Gard (30)<\/option><option value=\"?page_id=171\">Haute-Garonne (31)<\/option><option value=\"?page_id=171\">Gers (32)<\/option><option value=\"?page_id=171\">Gironde (33)<\/option><option value=\"?page_id=171\">H\u00e9rault (34)<\/option><option value=\"?page_id=171\">Ille-et-Vilaine (35)<\/option><option value=\"?page_id=171\">Indre (36)<\/option><option value=\"?page_id=171\">Indre-et-Loire (37)<\/option><option value=\"?page_id=171\">Is\u00e8re (38)<\/option><option value=\"?page_id=171\">Jura (39)<\/option><option value=\"?page_id=171\">Landes (40)<\/option><option value=\"?page_id=171\">Loir-et-Cher (41)<\/option><option value=\"?page_id=171\">Loire (42)<\/option><option value=\"?page_id=171\">Haute-Loire (43)<\/option><option value=\"?page_id=171\">Loire-Atlantique (44)<\/option><option value=\"?page_id=171\">Loiret (45)<\/option><option value=\"?page_id=171\">Lot (46)<\/option><option value=\"?page_id=171\">Lot-et-Garonne (47)<\/option><option value=\"?page_id=171\">Loz\u00e8re (48)<\/option><option value=\"?page_id=171\">Maine-et-Loire (49)<\/option><option value=\"?page_id=171\">Manche (50)<\/option><option value=\"?page_id=171\">Marne (51)<\/option><option value=\"?page_id=171\">Haute-Marne (52)<\/option><option value=\"?page_id=171\">Mayenne (53)<\/option><option value=\"?page_id=171\">Meurthe-et-Moselle (54)<\/option><option value=\"?page_id=171\">Meuse (55)<\/option><option value=\"?page_id=171\">Morbihan (56)<\/option><option value=\"?page_id=171\">Moselle (57)<\/option><option value=\"?page_id=171\">Ni\u00e8vre (58)<\/option><option value=\"?page_id=171\">Nord (59)<\/option><option value=\"?page_id=171\">Oise (60)<\/option><option value=\"?page_id=171\">Orne (61)<\/option><option value=\"?page_id=171\">Pas-de-Calais (62)<\/option><option value=\"?page_id=171\">Puy-de-D\u00f4me (63)<\/option><option value=\"?page_id=171\">Pyr\u00e9n\u00e9es-Atlantiques (64)<\/option><option value=\"?page_id=171\">Hautes-Pyr\u00e9n\u00e9es (65)<\/option><option value=\"?page_id=171\">Pyr\u00e9n\u00e9es Orientales (66)<\/option><option value=\"?page_id=171\">Bas-Rhin (67)<\/option><option value=\"?page_id=171\">Haut-Rhin (68)<\/option><option value=\"?page_id=171\">Rh\u00f4ne (69)<\/option><option value=\"?page_id=171\">Haute-Sa\u00f4ne (70)<\/option><option value=\"?page_id=171\">Sa\u00f4ne-et-Loire (71)<\/option><option value=\"?page_id=171\">Sarthe (72)<\/option><option value=\"73\">Savoie (73)<\/option><option value=\"?page_id=171\">Haute-Savoie (74)<\/option><option value=\"?page_id=171\">Paris (75)<\/option><option value=\"?page_id=171\">Seine-Maritime (76)<\/option><option value=\"?page_id=171\">Seine-et-Marne (77)<\/option><option value=\"?page_id=171\">Yvelines (78)<\/option><option value=\"?page_id=171\">Deux-S\u00e8vres (79)<\/option><option value=\"?page_id=171\">Somme (80)<\/option><option value=\"?page_id=171\">Tarn (81)<\/option><option value=\"?page_id=171\">Tarn-et-Garonne (82)<\/option><option value=\"?page_id=171\">Var (83)<\/option><option value=\"?page_id=171\">Vaucluse (84)<\/option><option value=\"?page_id=171\">Vend\u00e9e (85)<\/option><option value=\"?page_id=171\">Vienne (86)<\/option><option value=\"?page_id=171\">Haute-Vienne (87)<\/option><option value=\"?page_id=171\">Vosges (88)<\/option><option value=\"?page_id=171\">Yonne (89)<\/option><option value=\"?page_id=171\">Territoire de Belfort (90)<\/option><option value=\"?page_id=171\">Essonne (91)<\/option><option value=\"?page_id=171\">Hauts-de-Seine (92)<\/option><option value=\"?page_id=171\">Seine-Saint-Denis (93)<\/option><option value=\"?page_id=171\">Val-de-Marne (94)<\/option><option value=\"?page_id=171\">Val-d&rsquo;Oise (95)<\/option><\/optgroup><br \/>\n<\/select><\/p>\n","protected":false},"excerpt":{"rendered":"<p>Ain (01)Aisne (02)Allier (03)Alpes-de-Haute-Provence (04)Hautes-Alpes (05)Alpes-Maritimes (06)Ard\u00e8che (07)Ardennes (08)Ari\u00e8ge (09)Aube (10)Aude (11)Aveyron (12)Bouches-du-Rh\u00f4ne (13)Calvados (14)Cantal (15)Charente (16)Charente-Maritime (17)Cher (18)Corr\u00e8ze (19)Corse-du-Sud (2A)Haute-Corse (2B)C\u00f4te-d&rsquo;Or (21)C\u00f4tes-d&rsquo;Armor (22)Creuse (23)Dordogne (24)Doubs (25)Dr\u00f4me (26)Eure (27)Eure-et-Loir (28)Finist\u00e8re (29)Gard (30)Haute-Garonne (31)Gers (32)Gironde (33)H\u00e9rault (34)Ille-et-Vilaine (35)Indre (36)Indre-et-Loire (37)Is\u00e8re (38)Jura (39)Landes (40)Loir-et-Cher (41)Loire (42)Haute-Loire (43)Loire-Atlantique (44)Loiret (45)Lot (46)Lot-et-Garonne (47)Loz\u00e8re (48)Maine-et-Loire &hellip;<\/p>\n","protected":false},"author":1,"featured_media":0,"parent":17,"menu_order":1,"comment_status":"closed","ping_status":"closed","template":"","meta":{"footnotes":""},"class_list":["post-51","page","type-page","status-publish","hentry"],"_links":{"self":[{"href":"https:\/\/lapetiteautoecole.com\/index.php?rest_route=\/wp\/v2\/pages\/51","targetHints":{"allow":["GET"]}}],"collection":[{"href":"https:\/\/lapetiteautoecole.com\/index.php?rest_route=\/wp\/v2\/pages"}],"about":[{"href":"https:\/\/lapetiteautoecole.com\/index.php?rest_route=\/wp\/v2\/types\/page"}],"author":[{"embeddable":true,"href":"https:\/\/lapetiteautoecole.com\/index.php?rest_route=\/wp\/v2\/users\/1"}],"replies":[{"embeddable":true,"href":"https:\/\/lapetiteautoecole.com\/index.php?rest_route=%2Fwp%2Fv2%2Fcomments&post=51"}],"version-history":[{"count":11,"href":"https:\/\/lapetiteautoecole.com\/index.php?rest_route=\/wp\/v2\/pages\/51\/revisions"}],"predecessor-version":[{"id":164,"href":"https:\/\/lapetiteautoecole.com\/index.php?rest_route=\/wp\/v2\/pages\/51\/revisions\/164"}],"up":[{"embeddable":true,"href":"https:\/\/lapetiteautoecole.com\/index.php?rest_route=\/wp\/v2\/pages\/17"}],"wp:attachment":[{"href":"https:\/\/lapetiteautoecole.com\/index.php?rest_route=%2Fwp%2Fv2%2Fmedia&parent=51"}],"curies":[{"name":"wp","href":"https:\/\/api.w.org\/{rel}","templated":true}]}}