{"id":413,"date":"2018-09-14T18:05:51","date_gmt":"2018-09-14T16:05:51","guid":{"rendered":"https:\/\/lapetiteautoecole.com\/?page_id=413"},"modified":"2018-09-20T18:50:10","modified_gmt":"2018-09-20T16:50:10","slug":"le-code-de-la-route-en-question","status":"publish","type":"page","link":"https:\/\/lapetiteautoecole.com\/?page_id=413","title":{"rendered":"Le code de la route en question"},"content":{"rendered":"<p><a id=\"code\"><\/a><br \/>\n<img loading=\"lazy\" decoding=\"async\" src=\"https:\/\/lapetiteautoecole.com\/wp-content\/uploads\/2018\/09\/Roussow.png\" alt=\"\" width=\"455\" height=\"419\" class=\"imageflottante size-full wp-image-447\" srcset=\"https:\/\/lapetiteautoecole.com\/wp-content\/uploads\/2018\/09\/Roussow.png 455w, https:\/\/lapetiteautoecole.com\/wp-content\/uploads\/2018\/09\/Roussow-300x276.png 300w, https:\/\/lapetiteautoecole.com\/wp-content\/uploads\/2018\/09\/Roussow-380x350.png 380w, https:\/\/lapetiteautoecole.com\/wp-content\/uploads\/2018\/09\/Roussow-310x285.png 310w, https:\/\/lapetiteautoecole.com\/wp-content\/uploads\/2018\/09\/Roussow-296x273.png 296w\" sizes=\"auto, (max-width: 455px) 100vw, 455px\" \/><br \/><h7>Sommaire<\/h7><br \/>\n<br \/>\n<a href=\"https:\/\/lapetiteautoecole.com\/?page_id=413#code1\" title=\"Qu'est-ce quoi donc ?\">~ Qu\u2019est-ce que le code de la route ?<\/a><br \/>\n<a href=\"https:\/\/lapetiteautoecole.com\/?page_id=413#code2\" title=\"S'entra\u00eener au code\">~ Comment s&rsquo;entra\u00eener avant de passer le code de la route ?<\/a><br \/>\n<a href=\"https:\/\/lapetiteautoecole.com\/?page_id=413#code3\" title=\"Temps de pr\u00e9paration\">~ Combien de temps faut-il pour \u00eatre pr\u00eat(e) \u00e0 passer l\u2019examen du code de la route ?<\/a><br \/>\n<a href=\"https:\/\/lapetiteautoecole.com\/?page_id=413#code4\" title=\"O\u00f9 est-ce\">~ O\u00f9 se d\u00e9roule l&rsquo;examen ?<\/a><br \/>\n<a href=\"https:\/\/lapetiteautoecole.com\/?page_id=413#code5\" title=\"Comment s'inscrire\">~ Comment s\u2019inscrire \u00e0 l\u2019examen ?<\/a><br \/>\n<a href=\"https:\/\/lapetiteautoecole.com\/?page_id=413#code6\" title=\"Comment que \u00e7a ce passe\">~ Comment se d\u00e9roule l&rsquo;\u00e9preuve ?<\/a><br \/>\n<a href=\"https:\/\/lapetiteautoecole.com\/?page_id=413#code7\" title=\"D\u00e9lais d'inscription\">~ Quels sont les d\u00e9lais d\u2019inscription au code de la route ?<\/a><br \/>\n<a href=\"https:\/\/lapetiteautoecole.com\/?page_id=413#code8\" title=\"Annulation ou modification\">~ L\u2019annulation ou modification de la date de l\u2019examen du code de la route<\/a><br \/>\n<a href=\"https:\/\/lapetiteautoecole.com\/?page_id=413#code9\" title=\"Conseils\">~ C\u2019est le grand jour : quelques conseils avant de la pr\u00e9sentation \u00e0 l\u2019examen du code de la route<\/a><br \/>\n<a href=\"https:\/\/lapetiteautoecole.com\/?page_id=413#code10\" title=\"En cas d'\u00e9chec\">~ En cas d\u2019\u00e9chec, dois-je payer des frais suppl\u00e9mentaires ou attendre un certain temps avant de le repasser ?<\/a><br \/>\n<a href=\"https:\/\/lapetiteautoecole.com\/?page_id=413#code11\" title=\"Et apr\u00e8s ?\">~ Une fois mon code obtenu, quelle est la marche \u00e0 suivre ?<\/a><br \/>\n<a id=\"code1\"><br \/>\n<br style=\"clear:both;\" \/><h7>Qu\u2019est-ce que le code de la route ?<\/h7><\/a><\/p>\n<p>Avant d\u2019\u00eatre l\u2019\u00e9preuve th\u00e9orique du permis de conduire, le code de la route, ou droit routier, est l\u2019ensemble des r\u00e8glementations routi\u00e8res et des dispositions r\u00e9glementaires r\u00e9gissant la circulation sur la voie publique. <\/p>\n<p>Pour conduire un v\u00e9hicule, vous devez passer un examen th\u00e9orique du m\u00eame nom pour prouver que vous maitrisez bien l&rsquo;ensemble des lois et r\u00e8glements relatifs \u00e0 l&rsquo;utilisation des voies publiques. <\/p>\n<p>Lors de l&rsquo;examen du code de la route, les questions sont r\u00e9pertori\u00e9es en 10 th\u00e8mes distincts qu\u2019il vous faudra maitriser, \u00e0 savoir :<\/p>\n<ul>\n<li><strong>Circulation routi\u00e8re<\/strong> : signalisation, intersections, circulation, croisement, d\u00e9passement, stationnement et arr\u00eat du v\u00e9hicule<\/li>\n<li><strong>Conducteur<\/strong> : conduite, d\u00e9faillances du conducteur<\/li>\n<li><strong>Route<\/strong> : nuit et intemp\u00e9ries, autoroute, zones dangereuses<\/li>\n<li><strong>Autres usagers<\/strong> : partage de la route, rencontre<\/li>\n<li><strong>Notions diverses<\/strong> : documents administratifs, chargement et passagers, infractions<\/li>\n<li><strong>Premiers secours<\/strong> : prot\u00e9ger, alerter et secourir<\/li>\n<li><strong>Prendre et quitter son v\u00e9hicule<\/strong> : s&rsquo;installer au poste de conduite<\/li>\n<li><strong>La m\u00e9canique et les \u00e9quipements<\/strong> : entretien et d\u00e9pannage<\/li>\n<li><strong>La s\u00e9curit\u00e9 du passager et du v\u00e9hicule<\/strong> : installation des passagers, nouveaux \u00e9quipements<\/li>\n<li><strong>Environnement<\/strong> : \u00e9co-mobilit\u00e9 et \u00e9co-conduite<\/li>\n<\/ul>\n<p>La pr\u00e9sentation \u00e0 l&rsquo;examen est factur\u00e9e 30\u20ac pour tous les candidats, et l\u2019examen se d\u00e9roule dans les m\u00eame conditions que tout les examens que vous avez pass\u00e9 jusqu\u2019alors et toute tentative de tricherie y est sanctionn\u00e9e de la m\u00eame fa\u00e7on (interdiction de passer un examen pendant 5ans).<\/p>\n<p>On vous posera une s\u00e9rie de 40 questions sous forme de questionnaire \u00e0 choix multiple, et vous devrez r\u00e9pondre \u00e0 chaque question dans le temps imparti. Comme pour tous les examens, votre r\u00e9ussite ou non d\u00e9pendra du sujet. Pour le dire plus simplement, soit vous avez de la chance, soit vous aller tomber sur des questions dont la difficult\u00e9 est simplement abjecte et vous ramasser lamentablement. Mais si vous avez \u00e9t\u00e9 assidu dans votre apprentissage, il y a quand m\u00eame assez peu de surprises.<\/p>\n<p>N\u2019esp\u00e9rez tout de m\u00eame pas trop le passer sur un coup de chance sans vous \u00eatre donn\u00e9 la peine de travailler\u2026 Vous risqueriez juste d\u2019all\u00e9ger votre portefeuille de 30 \u20ac jusqu\u2019\u00e0 ce que vous ayez compris (enfin appris) la le\u00e7on.<\/p>\n<p>Une fois obtenu, le code de la route \u00e0 une validit\u00e9 de 5 ans. Pass\u00e9 ce d\u00e9lai, il vous faudra repasser l\u2019examen.<br \/>\n<\/p>\n<p><a id=\"code2\"><br \/>\n<br style=\"clear:both;\" \/><h7>Comment s&rsquo;entra\u00eener avant de passer le code de la route ?<\/h7><\/a> <\/p>\n<p>L&rsquo;entra\u00eenement au code de la route se d\u00e9roule directement en ligne, sur la plateforme de notre partenaire <strong>Code Rousseau<\/strong>, accessible en ligne directement depuis notre site. En effet, <strong>Code Rousseau<\/strong> \u00e0 toujours \u00e9t\u00e9 le num\u00e9ro 1 en ce qui concerne la pr\u00e9paration du code de la route (base de donn\u00e9es, exp\u00e9rience, mise \u00e0 jour r\u00e9guli\u00e8re, etc.). C&rsquo;est un m\u00e9tier qui ne s&rsquo;improvise pas.<\/p>\n<p>Une fois connect\u00e9 sur la plateforme, vous avez acc\u00e8s \u00e0 120 s\u00e9ries, soit plus de 2000 questions d&rsquo;entrainement officielles, corrig\u00e9es et conformes au nouvel examen, ainsi que 6 examen blancs. Vous aurez \u00e9galement acc\u00e8s \u00e0 des cours th\u00e9matiques et pourrez visualiser votre courbe de progression, de m\u00eame que votre progression en fonction des 10 th\u00e8mes \u00e9tudi\u00e9s.<\/p>\n<p>Nous vous conseillons \u00e9galement d\u2019acheter sur notre boutique un livret de code, qui vous permettra de r\u00e9viser sans connexion internet.<\/p>\n<p>Cette m\u00e9thode d\u00e9mat\u00e9rialis\u00e9e nous permet de vous proposer le code \u00e0 un prix bien plus abordable que dans une auto-\u00e9cole classique.<\/p>\n<p>Notre site \u00e9tant responsif, c&rsquo;est-\u00e0-dire cod\u00e9 pour \u00eatre accessible par ordinateur, tablette ou smartphone, vous n&rsquo;avez qu&rsquo;\u00e0 vous rendre sur notre site via le navigateur de votre PC, tablette ou t\u00e9l\u00e9phone et vous entra\u00eener au code o\u00f9 vous voulez, quand vous voulez ! <\/p>\n<p>Rendez-vous compte ! Vous n\u2019aurez m\u00eame pas besoin de vous d\u00e9placer pour r\u00e9viser en fonction des heures d\u2019ouverture d\u2019une quelconque auto-\u00e9cole. M\u00eame pas besoin de sortir de votre lit ou de vous brosser les dents ! La Petite Auto \u00c9cole d\u00e9cline toute responsabilit\u00e9 en cas d\u2019hygi\u00e8ne d\u00e9sastreuse, suite au confort r\u00e9sultant des efforts mis en place pour faciliter la r\u00e9vision de votre code de la route.<br \/>\n<\/p>\n<p><a id=\"code3\"><br \/>\n<br style=\"clear:both;\" \/><h7>Combien de temps faut-il pour \u00eatre pr\u00eat(e) \u00e0 passer l\u2019examen du code de la route ?<\/h7><\/a><\/p>\n<p>Cela d\u00e9pend du temps que vous consacrerez \u00e0 vos r\u00e9visions, de votre assiduit\u00e9 et de votre capacit\u00e9 d\u2019apprentissage. Le code de la route contient beaucoup de notions \u00e0 conna\u00eetre et cette \u00e9preuve n\u2019est pas toujours facile \u00e0 passer.<\/p>\n<p>Quand vous vous sentirez pr\u00eat, vous pourrez choisir vous-m\u00eame votre date d\u2019examen du code de la route. <\/p>\n<p>Si vous \u00eates \u00e0 l\u2019aise avec le fait de passer l\u2019examen, inscrivez-vous d\u00e8s que vous r\u00e9ussissez une dizaine de s\u00e9ries cons\u00e9cutives avec moins de 5 fautes, si vous \u00eates moins \u00e0 l\u2019aise, vous pouvez prendre votre temps.<\/p>\n<p>Si vous le souhaitez, vous pouvez nous contacter pour nous demander notre avis en fonction de votre progression ou divers conseils pour maximiser vos chances de r\u00e9ussite.<br \/>\n<\/p>\n<p><a id=\"code4\"><br \/>\n<br style=\"clear:both;\" \/><h7>O\u00f9 se d\u00e9roule l&rsquo;examen ?<\/h7><\/a><\/p>\n<p>L\u2019\u00e9preuve du code de la route est organis\u00e9e par des prestataires priv\u00e9s agr\u00e9\u00e9s par l\u2019\u00c9tat : Il s&rsquo;agit de <strong>La Poste<\/strong>, <strong>SGS<\/strong>, <strong>Pearson Vue<\/strong>, <strong>Bureau Veritas<\/strong> et <strong>Dekra<\/strong>. \u00c0 ce jour, il y a un peu plus de 1 100 centres ouverts (tout op\u00e9rateur agr\u00e9\u00e9 confondu) r\u00e9partis sur l&rsquo;ensemble du territoire, ce qui vous permettra de passer cet examen o\u00f9 que vous soyez en France.<\/p>\n<p>Ces diff\u00e9rents prestataires vous permettront de r\u00e9server en ligne sur leur site respectif (<a href=\"https:\/\/www.lecode.laposte.fr\/passermonexamenducodeaveclaposte\/\">lecode.laposte.fr<\/a>, <a href=\"https:\/\/www.objectifcode.sgs.com\/\">objectifcode.com<\/a>, <a href=\"https:\/\/www.pointcode.fr\/\">pointcode.fr<\/a>, <a href=\"https:\/\/codengo.bureauveritas.fr\/portal\/\">codengo.fr<\/a> et <a href=\"https:\/\/www.le-code-dekra.fr\/content\/passer-le-code-de-la-route\">le-code-dekra.fr<\/a> ) une place dans le centre d&rsquo;examen de leur choix, \u00e0 la date et l&rsquo;heure qui vous conviendra le mieux.<br \/>\n<\/p>\n<p><a id=\"code5\"><br \/>\n<br style=\"clear:both;\" \/><h7>Comment s\u2019inscrire \u00e0 l\u2019examen ?<\/h7><\/a><\/p>\n<p>Il suffit de se munir de son code <strong>NEPH<\/strong> (Num\u00e9ro d&rsquo;enregistrement pr\u00e9fectoral harmonis\u00e9). Ce code de 12 chiffres est obligatoire pour se pr\u00e9senter aux \u00e9preuves th\u00e9orique et pratique du permis de conduire. Si vous souhaitez en savoir plus sur le <strong>NEPH<\/strong> et comment l\u2019obtenir, le retrouver, le r\u00e9activer, etc., nous vous invitons \u00e0 consulter le guide <a href=\"https:\/\/lapetiteautoecole.com\/?page_id=276\">le num\u00e9ro NEPH en question<\/a>.<\/p>\n<p>Ces diff\u00e9rents prestataires vous permettront de r\u00e9server en ligne sur leur site respectif (<a href=\"https:\/\/www.lecode.laposte.fr\/passermonexamenducodeaveclaposte\/\">lecode.laposte.fr<\/a>, <a href=\"https:\/\/www.objectifcode.sgs.com\/\">objectifcode.com<\/a>, <a href=\"https:\/\/www.pointcode.fr\/\">pointcode.fr<\/a>, <a href=\"https:\/\/codengo.bureauveritas.fr\/portal\/\">codengo.fr<\/a> et <a href=\"https:\/\/www.le-code-dekra.fr\/content\/passer-le-code-de-la-route\">le-code-dekra.fr<\/a> ) une place dans le centre d&rsquo;examen de leur choix, \u00e0 la date et l&rsquo;heure qui vous conviendra le mieux.<\/p>\n<p>Pour finaliser la r\u00e9servation, les sites demandent de fournir ses coordonn\u00e9es bancaires afin de r\u00e9gler la redevance de <strong>30 \u20ac TTC<\/strong> pour le passage de l&rsquo;\u00e9preuve du code de la route.<\/p>\n<p>Une confirmation de votre inscription et une convocation vous seront alors transmises par mail.<br \/>\n<\/p>\n<p><a id=\"code6\"><br \/>\n<br style=\"clear:both;\" \/><h7>Comment se d\u00e9roule l&rsquo;\u00e9preuve ?<\/h7><\/a><\/p>\n<p>Le jour de l&rsquo;examen, il vous suffira de vous pr\u00e9senter au lieu que vous aurez choisi, 15 minutes avant le d\u00e9but de l\u2019\u00e9preuve, avec de votre carte d&rsquo;identit\u00e9 et de votre convocation. <\/p>\n<p>Quand l\u2019\u00e9preuve commencera, apr\u00e8s l\u2019appel, une tablette sera fournie \u00e0 chaque candidat par le prestataire que vous aurez choisi, sur laquelle vous devrez r\u00e9pondre convenablement \u00e0 <strong>une s\u00e9rie de 40 questions sur les 10 th\u00e8mes officiels<\/strong> du code de la route. Il vous faut au minimum un score de <strong>35\/40<\/strong> (soit <strong>5 fautes au maximum<\/strong>) pour valider l\u2019\u00e9preuve et obtenir votre examen du code de la route. <\/p>\n<p>L\u2019examen dure \u00e0 peu pr\u00eat une demi-heure, au bout de laquelle vous pourrez grignoter la barre c\u00e9r\u00e9ali\u00e8re que votre maman \u00e0 eu l\u2019obligeance de glisser dans votre sac. <\/p>\n<p>Tandis que vous rentrerez nonchalamment chez vous, le prestataire agr\u00e9e transmet directement les r\u00e9ponses au minist\u00e8re de l&rsquo;Int\u00e9rieur pour la correction et, vous recevrez <strong>dans les 48h<\/strong> votre r\u00e9sultat par mail. Si, pass\u00e9 ce d\u00e9lai, vous n\u2019avez toujours pas re\u00e7u votre r\u00e9sultat, pensez \u00e0 <strong>v\u00e9rifier vos spams<\/strong>.<\/p>\n<p>Une fois votre r\u00e9sultat obtenu, il ne vous reste plus qu\u2019\u00e0 aller \u00e9cumer les bars pour f\u00eater votre r\u00e9ussite ou noyer votre \u00e9chec, mais toujours avec du jus de goyave ou de kiwi, suivant vos go\u00fbts (l\u2019alcool, ce n\u2019est pas vraiment le truc id\u00e9al pour la conduite. Le taux d&rsquo;alcool\u00e9mie l\u00e9gal est de 0,2 gramme par litre de sang, soit 0 verre d&rsquo;alcool, et certainement pas trois tonnes de chocolat \u00e0 la liqueur. M\u00eame si c\u2019est No\u00ebl).<br \/>\n<\/p>\n<p><a id=\"code7\"><br \/>\n<br style=\"clear:both;\" \/><h7>Quels sont les d\u00e9lais d\u2019inscription au code de la route ?<\/h7><\/a><\/p>\n<p>Une fois le num\u00e9ro NEPH obtenu, ce qui peut prendre 6 semaines dans le pire des cas, vous pourrez r\u00e9server une date d&rsquo;examen dans un d\u00e9lai minimum de 2 jours. Vous pourrez choisir la date, le lieu et l&rsquo;horaire de votre examen depuis votre espace personnel ou directement aupr\u00e8s d&rsquo;un prestataire priv\u00e9. Une fois cette d\u00e9marche effectu\u00e9e, les d\u00e9lais restent finalement ceux des centres agr\u00e9\u00e9s disponibles dans votre r\u00e9gion.<br \/>\n<\/p>\n<p><a id=\"code8\"><br \/>\n<br style=\"clear:both;\" \/><h7>L\u2019annulation ou modification de la date de l\u2019examen du code de la route<\/h7><\/a><\/p>\n<p>Si la date de votre examen ne vous convient plus o\u00f9 que vous ne pouvez pas \u00eatre disponible \u00e0 la date que vous avez choisie, vous pouvez modifier ou annuler votre date d\u2019examen jusqu\u2019\u00e0 2 jours ouvr\u00e9s avant la date concern\u00e9e. Dans le d\u00e9lai imparti, les frais de participation (30 \u20ac) sont encore remboursables, mais une fois ce d\u00e9lai est d\u00e9pass\u00e9, la modification ou l&rsquo;annulation n&rsquo;est plus possible et vos frais ne sont plus rembours\u00e9s.<br \/>\n<\/p>\n<p><a id=\"code9\"><br \/>\n<br style=\"clear:both;\" \/><h7>C\u2019est le grand jour : quelques conseils avant de la pr\u00e9sentation \u00e0 l\u2019examen du code de la route.<\/h7><\/a><\/p>\n<p>Pour vous pr\u00e9senter \u00e0 l\u2019examen, pensez bien \u00e0 prendre votre convocation et votre pi\u00e8ce d\u2019identit\u00e9 en cours de validit\u00e9.<br \/>\n&#8211;\tSi vous \u00eates de nationalit\u00e9 fran\u00e7aise, il s\u2019agit de votre carte d\u2019identit\u00e9 nationale  ou de votre passeport.<br \/>\n&#8211;\tSi vous \u00eates de nationalit\u00e9 \u00e9trang\u00e8re, il s\u2019agit de votre passeport ou votre titre de s\u00e9jour.<br \/>\nSi vous ne pr\u00e9sentez pas votre convocation ou vos papiers d\u2019identit\u00e9, vous ne pourrez pas passer l\u2019examen. En cas de vol de vos papiers d\u2019identit\u00e9, pensez \u00e0 faire une d\u00e9claration de vol de documents officiels \u00e0 la police ou \u00e0 la mairie, cette d\u00e9claration peut \u00eatre recevable si vous pouvez pr\u00e9senter une autre pi\u00e8ce officielle avec photo, telle que la nouvelle carte vitale.<\/p>\n<p>Une fois votre examen termin\u00e9, vous recevrez votre r\u00e9sultat par mail dans les 48h suivant l\u2019examen. Si vous ne recevez pas votre r\u00e9sultat, consultez vos spams.<\/p>\n<p><a id=\"code10\"><br \/>\n<br style=\"clear:both;\" \/><h7>En cas d\u2019\u00e9chec, dois-je payer des frais suppl\u00e9mentaires ou attendre un certain temps avant de le repasser ?<\/h7><\/a><\/p>\n<p>Si vous lisez ce paragraphe en particulier, cela ne peut vouloir dire que trois choses : soit vous \u00eates du genre \u00e0 lire la notice de votre nouveau radior\u00e9veil offert par Tata Christiane avant de le mettre en marche, soit mon style d\u2019\u00e9criture et mon humour si subtil vous aura captiv\u00e9, soit\u2026 Vous vous \u00eates plant\u00e9. <\/p>\n<p>Rassurez-vous, vous n\u2019\u00eates certainement pas le premier, ni le dernier, \u00e0 \u00eatre recal\u00e9 sur cet examen en tombant sur des questions particuli\u00e8rement tordues. Non, vous n\u2019\u00eates pas un cas d\u00e9sesp\u00e9r\u00e9 (encore que\u2026 Je ne vous connais pas, finalement\u2026), nombreuses sont les personnes que je connais qui ont fini par l\u2019avoir apr\u00e8s avoir \u00e9chou\u00e9 trois fois.<\/p>\n<p>Non, vous n\u2019aurez pas \u00e0 payer de frais suppl\u00e9mentaires, ni en passant par nos services, ni aupr\u00e8s d\u2019aucune auto-\u00e9cole, physique ou en ligne, et pour cause : c\u2019est interdit. Voil\u00e0, c\u2019est dit, en d\u00e9pit de ceux qui se servent, notamment sur la toile, de cet avantage pour en faire un argument de vente.<\/p>\n<p>Vous n\u2019aurez pas non plus \u00e0 attendre et pourrez vous r\u00e9inscrire pour repasser l\u2019examen, \u00e0 condition, bien s\u00fbr, de payer \u00e0 nouveau les 30 euros de frais d\u2019inscription au code de la route. Vous savez quelle est la marche \u00e0 suivre, puisque vous l\u2019avez d\u00e9j\u00e0 effectu\u00e9 ; je ne vous ferais donc pas l\u2019affront de la r\u00e9expliquer. Allez, comme je suis sympa, je vous file <a href=\"https:\/\/lapetiteautoecole.com\/?page_id=413#code5\" title=\"Comment s'inscrire\">un lien.<\/a><\/p>\n<p><a id=\"code11\"><br \/>\n<br style=\"clear:both;\" \/><h7>Une fois mon code obtenu, quelle est la marche \u00e0 suivre ?<\/h7><\/a><\/p>\n<p>Si vous lisez ce paragraphe, il y a de grandes chances que vous ayez obtenu votre code de la route. Toutes nos f\u00e9licitations ! Bon\u2026 Maintenant que vous avez cet examen en poche, sachez qu\u2019il est valable 5 ans (depuis 2014). Pass\u00e9 ce d\u00e9lai, vous devrez repasser cet examen.<\/p>\n<p>Votre dossier vous appartient et si je vous propose de passer le permis gr\u00e2ce \u00e0 nos services, rien ne vous y oblige (sachez n\u00e9anmoins que si vous osez passer le permis ailleurs, vous br\u00fblerez en enfer et des ch\u00e8vres d\u00e9moniaques vous l\u00e8cheront les pieds pendant l\u2019\u00e9ternit\u00e9, une semaine, deux heures et 24 minutes), vous pouvez le remettre \u00e0 l\u2019auto-\u00e9cole de votre choix. <\/p>\n<p>Ces pr\u00e9cisions \u00e9tant \u00e9nonc\u00e9es, je vous propose, en bon marchand ambulant de venir prendre notre offre <strong>Permis<\/strong>, ou si vous \u00eates allergique aux documents administratifs, notre offre <strong>Permis + dossier<\/strong>. <\/p>\n<p>Elle est fra\u00eeche, notre offre ! Elle est belle, notre offre ! Elle n\u2019est pas ch\u00e8re et elle sent bon !  Demandez notre offre !<\/p>\n","protected":false},"excerpt":{"rendered":"<p>Sommaire ~ Qu\u2019est-ce que le code de la route ? ~ Comment s&rsquo;entra\u00eener avant de passer le code de la route ? ~ Combien de temps faut-il pour \u00eatre pr\u00eat(e) \u00e0 passer l\u2019examen du code de la route ? ~ O\u00f9 se d\u00e9roule l&rsquo;examen ? ~ Comment s\u2019inscrire \u00e0 l\u2019examen &hellip;<\/p>\n","protected":false},"author":1,"featured_media":0,"parent":243,"menu_order":4,"comment_status":"closed","ping_status":"closed","template":"","meta":{"footnotes":""},"class_list":["post-413","page","type-page","status-publish","hentry"],"_links":{"self":[{"href":"https:\/\/lapetiteautoecole.com\/index.php?rest_route=\/wp\/v2\/pages\/413","targetHints":{"allow":["GET"]}}],"collection":[{"href":"https:\/\/lapetiteautoecole.com\/index.php?rest_route=\/wp\/v2\/pages"}],"about":[{"href":"https:\/\/lapetiteautoecole.com\/index.php?rest_route=\/wp\/v2\/types\/page"}],"author":[{"embeddable":true,"href":"https:\/\/lapetiteautoecole.com\/index.php?rest_route=\/wp\/v2\/users\/1"}],"replies":[{"embeddable":true,"href":"https:\/\/lapetiteautoecole.com\/index.php?rest_route=%2Fwp%2Fv2%2Fcomments&post=413"}],"version-history":[{"count":12,"href":"https:\/\/lapetiteautoecole.com\/index.php?rest_route=\/wp\/v2\/pages\/413\/revisions"}],"predecessor-version":[{"id":457,"href":"https:\/\/lapetiteautoecole.com\/index.php?rest_route=\/wp\/v2\/pages\/413\/revisions\/457"}],"up":[{"embeddable":true,"href":"https:\/\/lapetiteautoecole.com\/index.php?rest_route=\/wp\/v2\/pages\/243"}],"wp:attachment":[{"href":"https:\/\/lapetiteautoecole.com\/index.php?rest_route=%2Fwp%2Fv2%2Fmedia&parent=413"}],"curies":[{"name":"wp","href":"https:\/\/api.w.org\/{rel}","templated":true}]}}