{"id":332,"date":"2018-09-12T19:56:53","date_gmt":"2018-09-12T17:56:53","guid":{"rendered":"https:\/\/lapetiteautoecole.com\/?page_id=332"},"modified":"2018-09-20T17:29:01","modified_gmt":"2018-09-20T15:29:01","slug":"quelques-approfondissements-concernant-les-documents-administratifs","status":"publish","type":"page","link":"https:\/\/lapetiteautoecole.com\/?page_id=332","title":{"rendered":"Quelques approfondissements concernant les documents administratifs"},"content":{"rendered":"<p><a id=\"docadmi\"><\/a><br \/>\n<img loading=\"lazy\" decoding=\"async\" src=\"https:\/\/lapetiteautoecole.com\/wp-content\/uploads\/2018\/09\/Demarches.png\" alt=\"\" width=\"455\" height=\"365\" class=\"imageflottante size-full wp-image-449\" srcset=\"https:\/\/lapetiteautoecole.com\/wp-content\/uploads\/2018\/09\/Demarches.png 455w, https:\/\/lapetiteautoecole.com\/wp-content\/uploads\/2018\/09\/Demarches-300x241.png 300w, https:\/\/lapetiteautoecole.com\/wp-content\/uploads\/2018\/09\/Demarches-436x350.png 436w, https:\/\/lapetiteautoecole.com\/wp-content\/uploads\/2018\/09\/Demarches-310x249.png 310w, https:\/\/lapetiteautoecole.com\/wp-content\/uploads\/2018\/09\/Demarches-296x237.png 296w\" sizes=\"auto, (max-width: 455px) 100vw, 455px\" \/><br \/><h7>Sommaire<\/h7><br \/>\n<br \/>\n<a href=\"https:\/\/lapetiteautoecole.com\/?page_id=332#\" title=\"Attestation d'inscription et cerfa 02\">~ L\u2019attestation d\u2019inscription au permis de conduire et le cerfa 02<\/a><br \/>\n<a href=\"https:\/\/lapetiteautoecole.com\/?page_id=332#docadmi11\" title=\"Justifcatifs de domicile\">~ Les justificatifs de domicile accept\u00e9s par la pr\u00e9fecture<\/a><br \/>\n<a href=\"https:\/\/lapetiteautoecole.com\/?page_id=332#docadmi12\" title=\"Attestation de recensement\">~ L\u2019attestation de recensement citoyen<\/a><br \/>\n<a href=\"https:\/\/lapetiteautoecole.com\/?page_id=332#docadmi13\" title=\"Attestation JDC\">~ L\u2019attestation de participation \u00e0 la journ\u00e9e d&rsquo;appel (JAPD ou JDC)<\/a><br \/>\n<a href=\"https:\/\/lapetiteautoecole.com\/?page_id=332#docadmi14\" title=\"ASSR 2\">~ L\u2019ASSR 2<\/a><br \/>\n<a href=\"https:\/\/lapetiteautoecole.com\/?page_id=332#docadmi15\" title=\"R\u00e9cup\u00e9rer son dossier d'inscription\">~ Comment r\u00e9cup\u00e9rer son ancien dossier d\u2019inscription en auto-\u00e9cole ?<\/a>\n<\/ul>\n<\/nav>\n<p><br style=\"clear:both;\" \/><br \/>\n<h7>L\u2019attestation d\u2019inscription au permis de conduire et le cerfa 02<\/h7><\/p>\n<p>A partir du moment o\u00f9 vous \u00eates inscrits aupr\u00e8s d\u2019une auto-\u00e9cole physique ou  en ligne, une demande est faite \u00e0 la pr\u00e9fecture de votre d\u00e9partement pour obtenir un Num\u00e9ro NEPH, n\u00e9cessaire au passage de votre examen th\u00e9orique (le code de la route) et pratique (le permis de conduire). Pour prouver que vous \u00eates bien inscrits dans les registres de la pr\u00e9fecture, que votre demande est officielle et valid\u00e9e par l\u2019administration, celle-ci vous remettait donc, avant 2017, un <acronym title=\"Centre d'Enregistrement et de R\u00e9vision des Formulaires Administratifs\">cerfa<\/acronym> 02.<\/p>\n<p>Voici un cerfa 02.<\/p>\n<p><center><img loading=\"lazy\" decoding=\"async\" src=\"https:\/\/lapetiteautoecole.com\/wp-content\/uploads\/2018\/09\/cerfa02.png\" alt=\"\" width=\"648\" height=\"915\" class=\"alignnone size-full wp-image-397\" srcset=\"https:\/\/lapetiteautoecole.com\/wp-content\/uploads\/2018\/09\/cerfa02.png 648w, https:\/\/lapetiteautoecole.com\/wp-content\/uploads\/2018\/09\/cerfa02-212x300.png 212w, https:\/\/lapetiteautoecole.com\/wp-content\/uploads\/2018\/09\/cerfa02-248x350.png 248w, https:\/\/lapetiteautoecole.com\/wp-content\/uploads\/2018\/09\/cerfa02-310x438.png 310w, https:\/\/lapetiteautoecole.com\/wp-content\/uploads\/2018\/09\/cerfa02-296x418.png 296w\" sizes=\"auto, (max-width: 648px) 100vw, 648px\" \/><\/center><\/p>\n<p>Pour faciliter le traitement des demandes et parce que la d\u00e9mat\u00e9rialisation des donn\u00e9es, c\u2019est quand m\u00eame plus chic que le papier carbone ; depuis 2017, on lui pr\u00e9f\u00e8re l\u2019attestation au permis de conduire. C\u2019est tout simplement la version num\u00e9rique de ce bon vieux cerfa 02. <\/p>\n<p>Voil\u00e0 une attestation au permis de conduire.  <\/p>\n<p><center><img loading=\"lazy\" decoding=\"async\" src=\"https:\/\/lapetiteautoecole.com\/wp-content\/uploads\/2018\/09\/attestationpermis2-3.png\" alt=\"\" width=\"648\" height=\"917\" class=\"alignnone size-full wp-image-405\" srcset=\"https:\/\/lapetiteautoecole.com\/wp-content\/uploads\/2018\/09\/attestationpermis2-3.png 648w, https:\/\/lapetiteautoecole.com\/wp-content\/uploads\/2018\/09\/attestationpermis2-3-212x300.png 212w, https:\/\/lapetiteautoecole.com\/wp-content\/uploads\/2018\/09\/attestationpermis2-3-247x350.png 247w, https:\/\/lapetiteautoecole.com\/wp-content\/uploads\/2018\/09\/attestationpermis2-3-310x439.png 310w, https:\/\/lapetiteautoecole.com\/wp-content\/uploads\/2018\/09\/attestationpermis2-3-296x419.png 296w\" sizes=\"auto, (max-width: 648px) 100vw, 648px\" \/><\/center><\/p>\n<p>Qu\u2019il s\u2019agisse de l\u2019attestation d\u2019inscription au permis de conduire ou le cerfa 02, ce document est strictement individuel et, en plus de votre num\u00e9ro NEPH, comporte toutes vos informations personnelles. <\/p>\n<p>Il fait parti des documents \u00e0 pr\u00e9senter aux forces de l\u2019ordre en cas de contr\u00f4le de Police pendant une le\u00e7on de conduite.<br \/>\n<\/p>\n<p><a id=\"docadmi11\"><br \/>\n<br style=\"clear:both;\" \/><br \/>\n<h7>Les justificatifs de domicile accept\u00e9s par la pr\u00e9fecture<\/h7><\/a><\/p>\n<p>Pour obtenir votre num\u00e9ro NEPH, il vous faudra vous inscrire en pr\u00e9fecture. L\u2019administration vous demandera alors un justificatif de domicile. Il s\u2019agit d\u2019un document permettant de justifier de l\u2019adresse d\u2019une personne, attestant que celle-ci est bien dot\u00e9 d\u2019une demeure l\u00e9gitime (qu\u2019il la loue ou qu\u2019elle lui appartienne), et que de fait, l\u2019individu dont il est question peut donc pr\u00e9tendre \u00e0 divers droits en tant que citoyen recens\u00e9 dans les Registres d\u2019\u00e9tat civil. Les sans domiciles fixes, quant \u00e0 eux, peuvent suivent la proc\u00e9dure de l&rsquo;\u00e9lection de domicile, recevant une attestation aupr\u00e8s des Centres communaux ou intercommunaux d&rsquo;action sociale et, comme les nomades en g\u00e9n\u00e9ral, doivent se doter d&rsquo;un livret de circulation qui leur sert comme justificatif de domicile : en France, la notion de \u00ab domicile \u00bb est surtout une notion juridique. <\/p>\n<p>De ce que j\u2019ai compris, le carton ne fait pas parti des domiciles possibles, mais si vous en avez-un, gardez-le pr\u00e9cieusement. Avec la mont\u00e9 des prix dans l\u2019immobilier, ils risquent tr\u00e8s bient\u00f4t d\u2019attirer de potentiels acheteurs.<\/p>\n<p>Selon votre situation, on ne vous demandera pas forc\u00e9ment le m\u00eame document :<\/p>\n<p>1) Si vous avez <strong>un domicile \u00e0 votre nom<\/strong>, on vous demandera un des documents suivants :<\/p>\n<ul>\n<li>Une <strong>facture ou \u00e9ch\u00e9ancier<\/strong> d\u2019eau, d\u2019\u00e9lectricit\u00e9, de gaz ou de t\u00e9l\u00e9phone de moins de 3 mois<\/li>\n<p>Attention: la production d\u2019un document mentionnant l\u2019ouverture d\u2019un contrat d\u2019eau, d\u2019\u00e9lectricit\u00e9 ou de gaz devra \u00eatre accompagn\u00e9e du contrat de bail, du titre de propri\u00e9t\u00e9 ou de la quittance d\u2019assurance pour le m\u00eame logement.<\/li>\n<li>Un <strong>avis d\u2019imposition ou de non imposition<\/strong> \u00e9dit\u00e9 il y a <strong>moins de 3 mois<\/strong> (imp\u00f4ts sur le revenu, taxe fonci\u00e8re, taxe d\u2019habitation).<\/li>\n<li>Une <strong>quittance de loyer<\/strong> de <strong>moins de 3 mois<\/strong> (les quittances de loyer manuscrites ne sont \u00e9videment pas accept\u00e9es).<\/li>\n<li>Une <strong>quittance d\u2019assurance<\/strong> (incendie, risques locatifs ou responsabilit\u00e9 civile) pour le logement, \u00e9dit\u00e9e il y a moins de 3 mois.<\/li>\n<\/ul>\n<p>2) Si vous \u00eates <strong>h\u00e9berg\u00e9(e) chez un particulier<\/strong>, on vous demandera l&rsquo;ensemble des documents suivants :<\/p>\n<ul>\n<li>Une copie de la <strong>pi\u00e8ce d\u2019identit\u00e9 de la personne qui h\u00e9berge<\/strong> (le recto-verso pour la carte nationale d\u2019identit\u00e9 et le titre de s\u00e9jour, uniquement la page mentionnant l\u2019\u00e9tat civil pour le passeport).<\/li>\n<li>Une <strong>lettre sur l&rsquo;honneur de l\u2019h\u00e9bergeant<\/strong> dat\u00e9e et sign\u00e9e qui certifie que le demandeur r\u00e9side chez lui depuis plus de 3 mois.<\/li>\n<li>Un <strong>justificatif de domicile<\/strong> de <strong>moins de 3 mois<\/strong> au nom de l\u2019h\u00e9bergeant, conforme au nom sur sa pi\u00e8ce d\u2019identit\u00e9.<\/li>\n<\/ul>\n<p>3) Si <strong>vous \u00eates mineur(e)<\/strong> et, \u00e0 ce titre, encore h\u00e9berg\u00e9(e) chez vos parents, on vous demandera <strong>l&rsquo;ensemble des documents suivants<\/strong> :<\/p>\n<ul>\n<li>Une <strong>attestation sur l&rsquo;honneur d\u2019un des deux parents<\/strong> dat\u00e9e et sign\u00e9e pr\u00e9cisant que l\u2019enfant mineur r\u00e9side habituellement \u00e0 son domicile depuis plus de 3 mois.<\/li>\n<li>Une copie de la <strong>pi\u00e8ce d\u2019identit\u00e9<\/strong> en cours de validit\u00e9 <strong>du parent<\/strong> chez qui l\u2019enfant a sa r\u00e9sidence habituelle.<\/li>\n<li>Un <strong>justificatif de domicile au nom du parent<\/strong> chez qui l\u2019enfant a sa r\u00e9sidence habituelle (parmi la liste \u00ab vous avez un domicile \u00e0 votre nom \u00bb).<\/li>\n<li>Une <strong>copie du livret de famille<\/strong>.<\/li>\n<\/ul>\n<p><\/p>\n<p><a id=\"docadmi12\"><br \/>\n<br style=\"clear:both;\" \/><br \/>\n<h7>L\u2019attestation de recensement citoyen<\/h7><\/a><\/p>\n<p>Le recensement citoyen est la seconde \u00e9tape du parcours citoyen de tout jeune fran\u00e7ais (la premi\u00e8re \u00e9tape \u00e9tant les cours de d\u00e9fense, la troisi\u00e8me \u00e9tape \u00e9tant la JDC). Il est obligatoire pour tous les jeunes Fran\u00e7ais \u00e2g\u00e9s d&rsquo;au moins 16 ans, et s\u2019effectue aupr\u00e8s de la mairie du domicile du mineur, au moins 3 mois apr\u00e8s son 16\u00e8me anniversaire. Une fois cette d\u00e9marche effectu\u00e9e, une attestation de recensement (valable jusqu&rsquo;\u00e0 la participation \u00e0 la JDC et au maximum jusqu&rsquo;\u00e0 l&rsquo;\u00e2ge de 18 ans) est remise par l&rsquo;agent de la mairie. <\/p>\n<p>Si vous \u00eates mineur, on vous demandera de fournir cette attestation pour votre dossier de demande de num\u00e9ro NEPH. Il fait donc parti des documents \u00e0 garder pr\u00e9cieusement.<\/p>\n<p>Si vous ne l\u2019avez pas obtenu ou si, comme la plupart des documents \u00e0 garder bien consciencieusement, vous l\u2019avez perdu, deux choix s\u2019offrent \u00e0 vous : <\/p>\n<ol>\n<li>Vous n\u2019avez pas encore effectu\u00e9 cette d\u00e9marche lors de vos 16 ans, auquel cas vous pouvez toujours r\u00e9gulariser votre situation jusqu\u2019\u00e0 l\u2019\u00e2ge de 25 ans.<\/li>\n<p><\/p>\n<li>Vous avez bien effectu\u00e9 ce recensement, mais vous avez perdu l\u2019attestation. Dans ce cas, vous devez contacter le centre de service national le plus proche de votre r\u00e9sidence. Voici la <a href=\"https:\/\/drive.google.com\/file\/d\/1L2squO8EU-w3s8nD7vjTGgn_0yn85kJY\/view\">liste des centres du service national<\/a> en fonction des r\u00e9gions qu\u2019ils administrent. Vous pouvez les joindre par courrier, mais l\u2019administration ayant une l\u00e9g\u00e8re tendance \u00e0 faire trainer certains dossiers (vous verrez quand vous aurez affaire \u00e0 la CAF) nous vous conseillons vivement de vous rendre sur place avec votre carte d\u2019identit\u00e9. <\/li>\n<\/ol>\n<p><\/p>\n<p><a id=\"docadmi13\"><br \/>\n<br style=\"clear:both;\" \/><br \/>\n<h7>L\u2019attestation de participation \u00e0 la journ\u00e9e d&rsquo;appel (JAPD ou JDC)<\/h7><\/a><\/p>\n<p>La <strong>Journ\u00e9e d\u00e9fense et citoyennet\u00e9<\/strong> (JDC), nomm\u00e9e jusqu\u2019en 2011 <strong>Journ\u00e9e d&rsquo;appel de pr\u00e9paration \u00e0 la d\u00e9fense<\/strong> (JAPD), est la troisi\u00e8me \u00e9tape du parcours de citoyennet\u00e9 obligatoire pour tous les jeunes de nationalit\u00e9 fran\u00e7aise (la premi\u00e8re \u00e9tape est l&rsquo;enseignement de d\u00e9fense, la seconde \u00e9tape \u00e9tant le recensement citoyen). Il s\u2019agit d\u2019une journ\u00e9e au cours de laquelle les jeunes visitent une installation militaire et abordent, entre autre, la question de la citoyennet\u00e9 et les questions li\u00e9es \u00e0 la D\u00e9fense du territoire.<\/p>\n<p>Au terme de cette journ\u00e9e,  un certificat individuel de participation est remis \u00e0 l&rsquo;appel\u00e9. En France, ce document doit \u00eatre pr\u00e9sent\u00e9 lors de l&rsquo;inscription \u00e0 toute \u00e9preuve, concours, examen soumis au contr\u00f4le de l&rsquo;autorit\u00e9 publique : le baccalaur\u00e9at, les concours de la fonction publique, l&rsquo;inscription dans une universit\u00e9 publique, et dans le cas qui nous int\u00e9resse, le permis de conduire. <\/p>\n<p>\u00c9tant donn\u00e9 qu\u2019en plus, <strong>aucun duplicata ne peut vous \u00eatre d\u00e9livr\u00e9<\/strong>, c\u2019est donc LE document important qu\u2019il faut \u00e9viter de perdre sur le champ !<\/p>\n<p>Si cela vous arrive, inutile d\u2019aller chercher sur internet des tutoriels pour apprendre le n\u0153ud coulant. Il y a, comme toujours une solution : <strong>l\u2019attestation de situation<\/strong>. C\u2019est un document qui prouve que vous avez bien effectu\u00e9 votre JDC. Pour obtenir cette attestation de situation, il suffit de contacter par mail ou par courrier le centre du service national le plus proche de votre lieu de r\u00e9sidence, en joignant \u00e0 votre demande une copie de votre carte d\u2019identit\u00e9. Voici la <a href=\"https:\/\/drive.google.com\/file\/d\/1L2squO8EU-w3s8nD7vjTGgn_0yn85kJY\/view\">liste des centres du service national<\/a> en fonction des r\u00e9gions qu\u2019ils administrent.<br \/>\n<\/p>\n<p><a id=\"docadmi14\"><br \/>\n<br style=\"clear:both;\" \/><br \/>\n<h7>L\u2019ASSR 2<\/h7><\/a><\/p>\n<p>Si vous \u00eates n\u00e9(e) apr\u00e8s le 31\/12\/1987, vous serez dans l\u2019obligation de joindre \u00e0 votre dossier une copie de votre ASSR 2.  <\/p>\n<p>L\u2019ASSR2,  ou Attestation Scolaire de S\u00e9curit\u00e9 Routi\u00e8re de Niveau 2, est une attestation pass\u00e9e au coll\u00e8ge, en classe de 3\u00e8me, en principe avant 16 ans, prouvant que vous avez pass\u00e9 un examen th\u00e9orique sous forme de questionnaire \u00e0 choix multiple, obligatoire pour passer le permis de conduire. <\/p>\n<p>Si vous avez pass\u00e9 l\u2019ASSR2 mais que vous avez perdu votre attestation, voici la marche \u00e0 suivre. <\/p>\n<ol>\n<li>vous devez contacter l&rsquo;\u00e9tablissement dans lequel vous l&rsquo;avez pass\u00e9 en classe de 3e (votre coll\u00e8ge), et leur demander un duplicata.<\/li>\n<p><\/p>\n<li>S\u2019il vous est impossible de joindre le coll\u00e8ge o\u00f9 vous avez pass\u00e9 votre classe de 3\u00e8me (fermeture, incendie, abduction par des aliens, chute de m\u00e9t\u00e9ores, etc.), vous pouvez remplir une d\u00e9claration sur l\u2019honneur par laquelle vous d\u00e9clarez avoir r\u00e9ussi cet examen. Voici <a href=\"https:\/\/drive.google.com\/open?id=1L2squO8EU-w3s8nD7vjTGgn_0yn85kJY\">un mod\u00e8le de lettre de d\u00e9claration sur l&rsquo;honneur<\/a> \u00e0 remplir.<\/li>\n<\/ol>\n<p>Si, par un coup du sort, vous n\u2019avez pas pass\u00e9 l\u2019ASSR 2 (puisque vous \u00e9tiez absent au moment des faits, voici un bon alibi \u00ab j\u2019avais poney \u00bb. \u00c7a marche \u00e0 tous les coups !), vous allez devoir passer l&rsquo;ASR (Attestation de S\u00e9curit\u00e9 Routi\u00e8re) pour obtenir votre permis de conduire. Vous devrez vous inscrire aupr\u00e8s d\u2019un GRETA (acronyme de  GRoupement d\u2019\u00c9TAblissements de l&rsquo;\u00e9ducation nationale, service d\u00e9pendant de l&rsquo;Acad\u00e9mie de votre r\u00e9gion. Voici la <a href=\"http:\/\/eduscol.education.fr\/cid46908\/liste-des-centres-d-examens.html\">liste GRETA de France<\/a>.<\/p>\n<p>Si vous n\u2019avez pas effectu\u00e9 votre scolarit\u00e9 en France ou si vous \u00eates de nationalit\u00e9 \u00e9trang\u00e8re, vous devrez joindre \u00e0 votre demande d\u2019inscription une lettre adress\u00e9e \u00e0 la pr\u00e9fecture du d\u00e9partement o\u00f9 vous r\u00e9sidez en expliquant bien votre situation et que, n\u2019ayant jamais pass\u00e9 l\u2019examen correspondant, vous \u00eates dans l\u2019impossibilit\u00e9 de fournir cette attestation. Sachez cependant que certaines pr\u00e9fectures refuseront votre dossier si vous n\u2019avez pas pass\u00e9 l\u2019ASSR2.<br \/>\n<\/p>\n<p><a id=\"docadmi15\"><br \/>\n<br style=\"clear:both;\" \/><br \/>\n<h7>Comment r\u00e9cup\u00e9rer son ancien dossier d\u2019inscription en auto-\u00e9cole ?<\/h7><\/a><\/p>\n<p>\u00c0 moins d\u2019\u00eatre un \u00eatre de g\u00e9nie capable de tout pr\u00e9voir, tel <em>El Profesor<\/em>, dans la s\u00e9rie <em>la Casa de Papel<\/em>, on pense rarement \u00e0 demander son dossier d\u2019inscription \u00e0 une auto \u00e9cole qu\u2019on quitte sans avoir termin\u00e9 sa formation. Or, ce dossier contient, entre autre, votre num\u00e9ro NEPH, pr\u00e9cieux graal sans lequel la poursuite de votre formation par la nouvelle auto-\u00e9cole (en ligne ou physique) de votre choix vous est impossible. <\/p>\n<p>C\u2019est la raison pour laquelle nous vous invitons \u00e0 recontacter votre pr\u00e9c\u00e9dente auto-\u00e9cole dans les plus brefs d\u00e9lais pour demander une copie de votre dossier. Votre num\u00e9ro NEPH se trouve donc sur votre cerfa02 ou votre Attestation d\u2019inscription au permis de conduire. Si vous vous \u00eates inscrit il y a plus de 6 ans, vous devrez le r\u00e9activer. La marche \u00e0 suivre est indiqu\u00e9e ici.<\/p>\n<p>Mais si votre ancienne auto \u00e9cole \u00e0 perdu ou d\u00e9truit votre dossier, Si elle \u00e0 ferm\u00e9 ou est dirig\u00e9 par un escroc de haut vol ou un type franchement patibulaire que vous ne voulez revoir sous aucun pr\u00e9texte, voici comment proc\u00e9der :<\/p>\n<p>Vous pouvez demander votre num\u00e9ro NEPH permis de conduire de votre d\u00e9partement afin de poursuivre votre formation. Selon votre d\u00e9partement de r\u00e9sidence, la m\u00e9thode n\u2019est pas la m\u00eame :<br \/>\n1) Vous pouvez cr\u00e9er un compte sur le site internet <a href=\"https:\/\/www.demarches-simplifiees.fr\/\">d\u00e9marches-simplifi\u00e9es.fr<\/a> si vous r\u00e9sidez dans un des d\u00e9partements suivant : <\/p>\n<ul>\n<li><a href=\"http:\/\/www.demarches-simplifiees.fr\/commencer\/neph75\">75 &#8211; Paris<\/a><\/li>\n<li><a href=\"http:\/\/www.demarches-simplifiees.fr\/commencer\/neph92\">92 &#8211; Hauts-De-Seine<\/a><\/li>\n<li><a href=\"http:\/\/www.demarches-simplifiees.fr\/commencer\/neph93\">93 &#8211; Seine-Saint-Denis<\/a><\/li>\n<li><a href=\"http:\/\/www.demarches-simplifiees.fr\/commencer\/neph94\">94 &#8211; Val-De-Marne<\/a><\/li>\n<li><a href=\"http:\/\/www.demarches-simplifiees.fr\/commencer\/neph78\">78 &#8211; Yvelines<\/a><\/li>\n<li><a href=\"http:\/\/www.demarches-simplifiees.fr\/commencer\/neph69\">69 &#8211; Rh\u00f4ne<\/a><\/li>\n<li><a href=\"http:\/\/www.demarches-simplifiees.fr\/commencer\/neph95\">95 &#8211; Val-d&rsquo;Oise<\/a><\/li>\n<\/ul>\n<li>Vous pourrez joindre directement par mail, au quel vous joindrez une copie de votre pi\u00e8ce d\u2019identit\u00e9 pour les d\u00e9partements suivant :\n<ul>\n<li>91 : <a href=\"mailto:pref-sesr-ber@essonne.gouv.fr\">pref-sesr-ber@essonne.gouv.fr<\/a><\/li>\n<li>59 : <a href=\"mailto:ddtm-rae@nord.gouv.fr\">ddtm-rae@nord.gouv.fr<\/a><\/li>\n<\/ul>\n<\/li>\n<\/ol>\n<p>3) Tous les autres d\u00e9partements fran\u00e7ais devront \u00eatre joints par courrier postal. Pour ce faire, vous devrez monter un dossier de demande de duplicata. Je vous jure que ce n\u2019est pas une blague. Notez \u00e9galement que cette d\u00e9marche est longue et pourra prendre un d\u00e9lai de 2 \u00e0 3 mois. Voici comment constituer ce dossier (bon courage !) :<\/p>\n<p>Pr\u00e9parez les pi\u00e8ces justificatives suivantes :<\/p>\n<ul>\n<li>Le <a href=\"https:\/\/drive.google.com\/file\/d\/1hhczmIZExMMyiYeOPM4QjumsLiKcvgDM\/view\">formulaire de demande de duplicata de dossier d\u2019inscription<\/a> renseign\u00e9, dat\u00e9 et sign\u00e9.<\/li>\n<li>Un <a href=\"https:\/\/drive.google.com\/file\/d\/15GUQZzl3r-lRprpwHPQ2xybfex559gJX\/view\">cerfa n\u00b0 14866*01 r\u00e9f. 02<\/a> d\u00fbment compl\u00e9t\u00e9, dat\u00e9 et sign\u00e9 (Ce document doit \u00eatre imprim\u00e9 en recto verso sur une seule et m\u00eame feuille).<\/li>\n<li>Une <strong>photographie d\u2019identit\u00e9 de moins de 6 mois<\/strong> sur fond clair, conforme \u00e0 la norme relative \u00e0 l\u2019apposition des photographies sur les cartes nationales d\u2019identit\u00e9 et les passeports, sans trace ou marque, du type agrafe ou trombone.<\/li>\n<li>Une <a href=\"https:\/\/boutique.laposte.fr\/enveloppes-pre-affranchies\/pret-a-poster-lettres-suivies\/pret-a-poster-lettre-suivie-100g-unite\/p\/017782\">enveloppe de format C4 \u00ab lettre suivie 100g \u00bb<\/a>, libell\u00e9e \u00e0 vos nom, pr\u00e9nom et adresse (pensez bien \u00e0 conserver le num\u00e9ro de suivi). <\/li>\n<li>Une copie de votre <strong>pi\u00e8ce d\u2019identit\u00e9<\/strong> en cours de validit\u00e9.<\/li>\n<li>Une copie de votre <strong>justificatif de domicile<\/strong> de <strong>moins de 3 mois<\/strong>.<\/li>\n<\/ul>\n<p>Envoyez le dossier \u00e0 la pr\u00e9fecture en recommand\u00e9 avec accus\u00e9 de r\u00e9ception. Cela vous \u00e9vitera une \u00ab perte accidentelle \u00bb de votre demande lors de l\u2019acheminement postal. Vous pouvez trouver l\u2019adresse de la pr\u00e9fecture de votre r\u00e9gion sur le site <a href=\"http:\/\/www.prefectures-regions.gouv.fr\/\">prefectures-regions.gouv<\/a>.<br \/>\nLe duplicata de votre cerfa 02 vous sera ensuite renvoy\u00e9 \u00e0 votre domicile \u00e0 l&rsquo;aide de l&rsquo;enveloppe que vous aurez fournie.<br \/><\/p>\n","protected":false},"excerpt":{"rendered":"<p>Sommaire ~ L\u2019attestation d\u2019inscription au permis de conduire et le cerfa 02 ~ Les justificatifs de domicile accept\u00e9s par la pr\u00e9fecture ~ L\u2019attestation de recensement citoyen ~ L\u2019attestation de participation \u00e0 la journ\u00e9e d&rsquo;appel (JAPD ou JDC) ~ L\u2019ASSR 2 ~ Comment r\u00e9cup\u00e9rer son ancien dossier d\u2019inscription en auto-\u00e9cole ? &hellip;<\/p>\n","protected":false},"author":1,"featured_media":0,"parent":243,"menu_order":4,"comment_status":"closed","ping_status":"closed","template":"","meta":{"footnotes":""},"class_list":["post-332","page","type-page","status-publish","hentry"],"_links":{"self":[{"href":"https:\/\/lapetiteautoecole.com\/index.php?rest_route=\/wp\/v2\/pages\/332","targetHints":{"allow":["GET"]}}],"collection":[{"href":"https:\/\/lapetiteautoecole.com\/index.php?rest_route=\/wp\/v2\/pages"}],"about":[{"href":"https:\/\/lapetiteautoecole.com\/index.php?rest_route=\/wp\/v2\/types\/page"}],"author":[{"embeddable":true,"href":"https:\/\/lapetiteautoecole.com\/index.php?rest_route=\/wp\/v2\/users\/1"}],"replies":[{"embeddable":true,"href":"https:\/\/lapetiteautoecole.com\/index.php?rest_route=%2Fwp%2Fv2%2Fcomments&post=332"}],"version-history":[{"count":20,"href":"https:\/\/lapetiteautoecole.com\/index.php?rest_route=\/wp\/v2\/pages\/332\/revisions"}],"predecessor-version":[{"id":455,"href":"https:\/\/lapetiteautoecole.com\/index.php?rest_route=\/wp\/v2\/pages\/332\/revisions\/455"}],"up":[{"embeddable":true,"href":"https:\/\/lapetiteautoecole.com\/index.php?rest_route=\/wp\/v2\/pages\/243"}],"wp:attachment":[{"href":"https:\/\/lapetiteautoecole.com\/index.php?rest_route=%2Fwp%2Fv2%2Fmedia&parent=332"}],"curies":[{"name":"wp","href":"https:\/\/api.w.org\/{rel}","templated":true}]}}