{"id":243,"date":"2018-09-08T20:15:53","date_gmt":"2018-09-08T18:15:53","guid":{"rendered":"https:\/\/lapetiteautoecole.com\/?page_id=243"},"modified":"2018-09-20T18:50:29","modified_gmt":"2018-09-20T16:50:29","slug":"guide","status":"publish","type":"page","link":"https:\/\/lapetiteautoecole.com\/?page_id=243","title":{"rendered":"Guides"},"content":{"rendered":"<p><br style=\"clear:both;\" \/><br \/>\n<h7>\u00c0 l&rsquo;intention de tous ceux qui se posent des questions, parce que l&rsquo;administratif, c&rsquo;est rarement une passion.<\/h7><\/p>\n<nav>\n<ul id=\"navigation\">\n<li><a href=\"https:\/\/lapetiteautoecole.com\/?page_id=276\" title=\"Tout savoir sur le NEPH\"><strong>Le num\u00e9ro NEPH en question<\/strong><\/a><\/li>\n<p><a href=\"https:\/\/lapetiteautoecole.com\/?page_id=276#neph1\" title=\"Qu'est-ce quoi donc ?\">~ Qu\u2019est ce que le num\u00e9ro NEPH ?<\/a><br \/>\n<a href=\"https:\/\/lapetiteautoecole.com\/?page_id=276#neph11\" title=\"Obtenir le NEPH\">~ Comment l&rsquo;obtenir ?<\/a><br \/>\n<a href=\"https:\/\/lapetiteautoecole.com\/?page_id=276#neph12\" title=\"O\u00f9 en est votre NEPH\">~ Comment savoir o\u00f9 en est votre demande de NEPH ?<\/a><\/p>\n<li><a href=\"https:\/\/lapetiteautoecole.com\/?page_id=250\" title=\"Tuto d'oncle John sur la demande du NEPH et du permis\"><strong>Le petit tutoriel d\u2019oncle John. Pour faire sa demande de num\u00e9ro NEPH et sa demande de permis en s\u2019amusant !<\/strong><\/a><\/li>\n<p><\/p>\n<li><a href=\"https:\/\/lapetiteautoecole.com\/?page_id=332\" title=\"Documents administratifs n\u00e9cessaires\"><strong>Quelques approfondissements concernant les documents administratifs<\/strong><\/a><\/li>\n<p><a href=\"https:\/\/lapetiteautoecole.com\/?page_id=332#\" title=\"Attestation d'inscription et cerfa 02\">~ L\u2019attestation d\u2019inscription au permis de conduire et le cerfa 02<\/a><br \/>\n<a href=\"https:\/\/lapetiteautoecole.com\/?page_id=332#docadmi11\" title=\"Justifcatifs de domicile\">~ Les justificatifs de domicile accept\u00e9s par la pr\u00e9fecture<\/a><br \/>\n<a href=\"https:\/\/lapetiteautoecole.com\/?page_id=332#docadmi12\" title=\"Attestation de recensement\">~ L\u2019attestation de recensement citoyen<\/a><br \/>\n<a href=\"https:\/\/lapetiteautoecole.com\/?page_id=332#docadmi13\" title=\"Attestation JDC\">~ L\u2019attestation de participation \u00e0 la journ\u00e9e d&rsquo;appel (JAPD ou JDC)<\/a><br \/>\n<a href=\"https:\/\/lapetiteautoecole.com\/?page_id=332#docadmi14\" title=\"ASSR 2\">~ L\u2019ASSR 2<\/a><br \/>\n<a href=\"https:\/\/lapetiteautoecole.com\/?page_id=332#docadmi15\" title=\"R\u00e9cup\u00e9rer son dossier d'inscription\">~ Comment r\u00e9cup\u00e9rer son ancien dossier d\u2019inscription en auto-\u00e9cole ?<\/a><\/p>\n<li><a href=\"https:\/\/lapetiteautoecole.com\/?page_id=413\" title=\"Tout sur le code de la route\"><strong>Le code de la route en question<\/strong><\/a><\/li>\n<p><a href=\"https:\/\/lapetiteautoecole.com\/?page_id=413#code1\" title=\"Qu'est-ce quoi donc ?\">~ Qu\u2019est-ce que le code de la route ?<\/a><br \/>\n<a href=\"https:\/\/lapetiteautoecole.com\/?page_id=413#code2\" title=\"S'entra\u00eener au code\">~ Comment s&rsquo;entra\u00eener avant de passer le code de la route ?<\/a><br \/>\n<a href=\"https:\/\/lapetiteautoecole.com\/?page_id=413#code3\" title=\"Temps de pr\u00e9paration\">~ Combien de temps faut-il pour \u00eatre pr\u00eat(e) \u00e0 passer l\u2019examen du code de la route ?<\/a><br \/>\n<a href=\"https:\/\/lapetiteautoecole.com\/?page_id=413#code4\" title=\"O\u00f9 est-ce\">~ O\u00f9 se d\u00e9roule l&rsquo;examen ?<\/a><br \/>\n<a href=\"https:\/\/lapetiteautoecole.com\/?page_id=413#code5\" title=\"Comment s'inscrire\">~ Comment s\u2019inscrire \u00e0 l\u2019examen ?<\/a><br \/>\n<a href=\"https:\/\/lapetiteautoecole.com\/?page_id=413#code6\" title=\"Comment que \u00e7a ce passe\">~ Comment se d\u00e9roule l&rsquo;\u00e9preuve ?<\/a><br \/>\n<a href=\"https:\/\/lapetiteautoecole.com\/?page_id=413#code7\" title=\"D\u00e9lais d'inscription\">~ Quels sont les d\u00e9lais d\u2019inscription au code de la route ?<\/a><br \/>\n<a href=\"https:\/\/lapetiteautoecole.com\/?page_id=413#code8\" title=\"Annulation ou modification\">~ L\u2019annulation ou modification de la date de l\u2019examen du code de la route<\/a><br \/>\n<a href=\"https:\/\/lapetiteautoecole.com\/?page_id=413#code9\" title=\"Conseils\">~ C\u2019est le grand jour : quelques conseils avant de la pr\u00e9sentation \u00e0 l\u2019examen du code de la route<\/a><br \/>\n<a href=\"https:\/\/lapetiteautoecole.com\/?page_id=413#code10\" title=\"En cas d'\u00e9chec\">~ En cas d\u2019\u00e9chec, dois-je payer des frais suppl\u00e9mentaires ou attendre un certain temps avant de le repasser ?<\/a><br \/>\n<a href=\"https:\/\/lapetiteautoecole.com\/?page_id=413#code11\" title=\"Et apr\u00e8s ?\">~ Une fois mon code obtenu, quelle est la marche \u00e0 suivre ?<\/a>\n<\/ul>\n<\/nav>\n<p><br style=\"clear:both;\" \/><\/p>\n<blockquote class=\"wp-embedded-content\" data-secret=\"xBd9CyviQq\"><p><a href=\"https:\/\/lapetiteautoecole.com\/?page_id=276\">Le num\u00e9ro NEPH en question<\/a><\/p><\/blockquote>\n<p><iframe loading=\"lazy\" class=\"wp-embedded-content\" sandbox=\"allow-scripts\" security=\"restricted\" style=\"position: absolute; clip: rect(1px, 1px, 1px, 1px);\" src=\"https:\/\/lapetiteautoecole.com\/?page_id=276&#038;embed=true#?secret=xBd9CyviQq\" data-secret=\"xBd9CyviQq\" width=\"600\" height=\"338\" title=\"\u00ab\u00a0Le num\u00e9ro NEPH en question\u00a0\u00bb &#8212; \" frameborder=\"0\" marginwidth=\"0\" marginheight=\"0\" scrolling=\"no\"><\/iframe><\/p>\n<blockquote class=\"wp-embedded-content\" data-secret=\"gIcAqk7gw4\"><p><a href=\"https:\/\/lapetiteautoecole.com\/?page_id=250\">Le petit tutoriel d\u2019oncle John. Pour faire sa demande de num\u00e9ro NEPH et sa demande de permis en s\u2019amusant !<\/a><\/p><\/blockquote>\n<p><iframe loading=\"lazy\" class=\"wp-embedded-content\" sandbox=\"allow-scripts\" security=\"restricted\" style=\"position: absolute; clip: rect(1px, 1px, 1px, 1px);\" src=\"https:\/\/lapetiteautoecole.com\/?page_id=250&#038;embed=true#?secret=gIcAqk7gw4\" data-secret=\"gIcAqk7gw4\" width=\"600\" height=\"338\" title=\"\u00ab\u00a0Le petit tutoriel d\u2019oncle John. Pour faire sa demande de num\u00e9ro NEPH et sa demande de permis en s\u2019amusant !\u00a0\u00bb &#8212; \" frameborder=\"0\" marginwidth=\"0\" marginheight=\"0\" scrolling=\"no\"><\/iframe><\/p>\n<blockquote class=\"wp-embedded-content\" data-secret=\"3Nk2YoJOS1\"><p><a href=\"https:\/\/lapetiteautoecole.com\/?page_id=332\">Quelques approfondissements concernant les documents administratifs<\/a><\/p><\/blockquote>\n<p><iframe loading=\"lazy\" class=\"wp-embedded-content\" sandbox=\"allow-scripts\" security=\"restricted\" style=\"position: absolute; clip: rect(1px, 1px, 1px, 1px);\" src=\"https:\/\/lapetiteautoecole.com\/?page_id=332&#038;embed=true#?secret=3Nk2YoJOS1\" data-secret=\"3Nk2YoJOS1\" width=\"600\" height=\"338\" title=\"\u00ab\u00a0Quelques approfondissements concernant les documents administratifs\u00a0\u00bb &#8212; \" frameborder=\"0\" marginwidth=\"0\" marginheight=\"0\" scrolling=\"no\"><\/iframe><\/p>\n<blockquote class=\"wp-embedded-content\" data-secret=\"2qqDax1WZw\"><p><a href=\"https:\/\/lapetiteautoecole.com\/?page_id=413\">Le code de la route en question<\/a><\/p><\/blockquote>\n<p><iframe loading=\"lazy\" class=\"wp-embedded-content\" sandbox=\"allow-scripts\" security=\"restricted\" style=\"position: absolute; clip: rect(1px, 1px, 1px, 1px);\" src=\"https:\/\/lapetiteautoecole.com\/?page_id=413&#038;embed=true#?secret=2qqDax1WZw\" data-secret=\"2qqDax1WZw\" width=\"600\" height=\"338\" title=\"\u00ab\u00a0Le code de la route en question\u00a0\u00bb &#8212; \" frameborder=\"0\" marginwidth=\"0\" marginheight=\"0\" scrolling=\"no\"><\/iframe><\/p>\n","protected":false},"excerpt":{"rendered":"<p>\u00c0 l&rsquo;intention de tous ceux qui se posent des questions, parce que l&rsquo;administratif, c&rsquo;est rarement une passion. Le num\u00e9ro NEPH en question ~ Qu\u2019est ce que le num\u00e9ro NEPH ? ~ Comment l&rsquo;obtenir ? ~ Comment savoir o\u00f9 en est votre demande de NEPH ? Le petit tutoriel d\u2019oncle John. &hellip;<\/p>\n","protected":false},"author":1,"featured_media":0,"parent":0,"menu_order":0,"comment_status":"closed","ping_status":"closed","template":"","meta":{"footnotes":""},"class_list":["post-243","page","type-page","status-publish","hentry"],"_links":{"self":[{"href":"https:\/\/lapetiteautoecole.com\/index.php?rest_route=\/wp\/v2\/pages\/243","targetHints":{"allow":["GET"]}}],"collection":[{"href":"https:\/\/lapetiteautoecole.com\/index.php?rest_route=\/wp\/v2\/pages"}],"about":[{"href":"https:\/\/lapetiteautoecole.com\/index.php?rest_route=\/wp\/v2\/types\/page"}],"author":[{"embeddable":true,"href":"https:\/\/lapetiteautoecole.com\/index.php?rest_route=\/wp\/v2\/users\/1"}],"replies":[{"embeddable":true,"href":"https:\/\/lapetiteautoecole.com\/index.php?rest_route=%2Fwp%2Fv2%2Fcomments&post=243"}],"version-history":[{"count":40,"href":"https:\/\/lapetiteautoecole.com\/index.php?rest_route=\/wp\/v2\/pages\/243\/revisions"}],"predecessor-version":[{"id":458,"href":"https:\/\/lapetiteautoecole.com\/index.php?rest_route=\/wp\/v2\/pages\/243\/revisions\/458"}],"wp:attachment":[{"href":"https:\/\/lapetiteautoecole.com\/index.php?rest_route=%2Fwp%2Fv2%2Fmedia&parent=243"}],"curies":[{"name":"wp","href":"https:\/\/api.w.org\/{rel}","templated":true}]}}